{"id":2466,"date":"2017-12-05T17:20:13","date_gmt":"2017-12-05T16:20:13","guid":{"rendered":"http:\/\/avada.theme-fusion.comtest\/?page_id=2466"},"modified":"2018-09-18T11:50:44","modified_gmt":"2018-09-18T09:50:44","slug":"faq-page-1","status":"publish","type":"page","link":"https:\/\/www.drreichel.at\/?page_id=2466","title":{"rendered":"FAQ"},"content":{"rendered":"<div class=\"fusion-fullwidth fullwidth-box fusion-builder-row-1 fusion-flex-container hundred-percent-fullwidth non-hundred-percent-height-scrolling\" style=\"--awb-border-radius-top-left:0px;--awb-border-radius-top-right:0px;--awb-border-radius-bottom-right:0px;--awb-border-radius-bottom-left:0px;--awb-overflow:visible;--awb-flex-wrap:wrap;\" ><div class=\"fusion-builder-row fusion-row fusion-flex-align-items-flex-start fusion-flex-content-wrap\" style=\"width:calc( 100% + 0px ) !important;max-width:calc( 100% + 0px ) !important;margin-left: calc(-0px \/ 2 );margin-right: calc(-0px \/ 2 );\"><div class=\"fusion-layout-column fusion_builder_column fusion-builder-column-0 fusion_builder_column_1_1 1_1 fusion-flex-column fusion-flex-align-self-flex-start fusion-column-no-min-height\" style=\"--awb-bg-size:cover;--awb-width-large:100%;--awb-margin-top-large:0px;--awb-spacing-right-large:0px;--awb-margin-bottom-large:0px;--awb-spacing-left-large:0px;--awb-width-medium:100%;--awb-spacing-right-medium:0px;--awb-spacing-left-medium:0px;--awb-width-small:100%;--awb-spacing-right-small:0px;--awb-spacing-left-small:0px;\"><div class=\"fusion-column-wrapper fusion-flex-justify-content-flex-start fusion-content-layout-column\"><style type=\"text\/css\">.fusion-faqs-wrapper #accordian-1 .fusion-panel { border-color:#e7e7e7; }.fusion-faqs-wrapper #accordian-1 .fusion-panel:hover{ border-color: #e7e7e7; }.fusion-accordian #accordian-1 .panel-title a .fa-fusion-box:before{ font-size: 16px;width: 16px;}.fusion-accordian #accordian-1 .panel-title a .fa-fusion-box{ color: #ffffff;}.fusion-accordian  #accordian-1 .panel-title a{font-family:\"Inter\";font-style:normal;font-weight:regular;}.fusion-accordian  #accordian-1 .panel-title a:not(:hover){}.fusion-accordian  #accordian-1 .toggle-content{font-family:\"Inter\";font-style:normal;font-weight:400;}.fusion-accordian #accordian-1 .fa-fusion-box { background-color: #212934 !important;border-color: #212934 !important;}.fusion-accordian #accordian-1 .panel-title a:hover,.fusion-accordian #accordian-1 .panel-title a.hover { color: #65bc7b;}.fusion-faq-shortcode .fusion-accordian #accordian-1 .fusion-toggle-boxed-mode:hover .panel-title a { color: #65bc7b;}.fusion-accordian #accordian-1 .panel-title .active .fa-fusion-box,.fusion-accordian #accordian-1 .panel-title a:hover .fa-fusion-box,.fusion-accordian #accordian-1 .panel-title a.hover .fa-fusion-box { background-color: #65bc7b!important;border-color: #65bc7b!important;}<\/style><div class=\"fusion-faq-shortcode\" style=\"\"><div class=\"fusion-faqs-wrapper\"><div class=\"accordian fusion-accordian\"><div class=\"panel-group \" id=\"accordian-1\"><div class=\"fusion-panel panel-default fusion-faq-post fusion-faq-post-12498 faq \"><span class=\"entry-title rich-snippet-hidden\">Wann muss ich meine Impfungen auffrischen?<\/span><span class=\"vcard rich-snippet-hidden\"><span class=\"fn\"><a href=\"https:\/\/www.drreichel.at\/?author=1\" title=\"Beitr\u00e4ge von Dr. Reichel &#038; Dr. Ritter OG\" rel=\"author\">Dr. Reichel &#38; Dr. Ritter OG<\/a><\/span><\/span><span class=\"updated rich-snippet-hidden\">2018-01-10T12:30:15+01:00<\/span><div class=\"panel-heading\"><h4 id=\"faq_1-12498\" class=\"panel-title toggle\"><a data-toggle=\"collapse\" class=\"collapsed\" data-parent=\"#accordian-1\" data-target=\"#collapse-1-12498\" href=\"#collapse-1-12498\" aria-expanded=\"false\"><div class=\"fusion-toggle-icon-wrapper\"><div class=\"fusion-toggle-icon-wrapper-main\"><div class=\"fusion-toggle-icon-wrapper-sub\"><i class=\"fa-fusion-box active-icon awb-icon-minus\" aria-hidden=\"true\"><\/i><i class=\"fa-fusion-box inactive-icon awb-icon-plus\" aria-hidden=\"true\"><\/i><\/div><\/div><\/div><div class=\"fusion-toggle-heading\">Wann muss ich meine Impfungen auffrischen?<\/div><\/a><\/h4><\/div><div id=\"collapse-1-12498\" aria-labelledby=\"faq_1-12498\" class=\"panel-collapse collapse\"><div class=\"panel-body toggle-content post-content\"><p>Tetanus, Diphtherie, Kinderl\u00e4hmung und Keuchhusten: bis zum 60. Lebensjahr muss die Impfung alle 10 Jahre aufgefrischt werden, nach dem 60. Lebensjahr alle 5 Jahre<\/p>\n<p>FSME: bis zum 60. Lebensjahr alle 5 Jahre, nach dem 60. Lebensjahr alle 3 Jahre<\/p>\n<\/div><\/div><\/div><div class=\"fusion-panel panel-default fusion-faq-post fusion-faq-post-12496 faq \"><span class=\"entry-title rich-snippet-hidden\">Warum komme ich am Telefon nicht durch, obwohl ich schon so oft angerufen habe?<\/span><span class=\"vcard rich-snippet-hidden\"><span class=\"fn\"><a href=\"https:\/\/www.drreichel.at\/?author=1\" title=\"Beitr\u00e4ge von Dr. Reichel &#038; Dr. Ritter OG\" rel=\"author\">Dr. Reichel &#38; Dr. Ritter OG<\/a><\/span><\/span><span class=\"updated rich-snippet-hidden\">2018-01-10T12:29:15+01:00<\/span><div class=\"panel-heading\"><h4 id=\"faq_1-12496\" class=\"panel-title toggle\"><a data-toggle=\"collapse\" class=\"collapsed\" data-parent=\"#accordian-1\" data-target=\"#collapse-1-12496\" href=\"#collapse-1-12496\" aria-expanded=\"false\"><div class=\"fusion-toggle-icon-wrapper\"><div class=\"fusion-toggle-icon-wrapper-main\"><div class=\"fusion-toggle-icon-wrapper-sub\"><i class=\"fa-fusion-box active-icon awb-icon-minus\" aria-hidden=\"true\"><\/i><i class=\"fa-fusion-box inactive-icon awb-icon-plus\" aria-hidden=\"true\"><\/i><\/div><\/div><\/div><div class=\"fusion-toggle-heading\">Warum komme ich am Telefon nicht durch, obwohl ich schon so oft angerufen habe?<\/div><\/a><\/h4><\/div><div id=\"collapse-1-12496\" aria-labelledby=\"faq_1-12496\" class=\"panel-collapse collapse\"><div class=\"panel-body toggle-content post-content\"><p>Der Grund f\u00fcr l\u00e4ngere Wartezeiten am Telefon kann sein, dass wir gerade einen Notfall in der Ordination haben, der der Mithilfe aller Assistentinnen bedarf, daher kann sich keine Mitarbeiterin um das Telefon k\u00fcmmern.<\/p>\n<p>Ein weiterer Grund kann sein, dass gerade viele Patienten anrufen und keine Leitung mehr frei ist.<\/p>\n<\/div><\/div><\/div><div class=\"fusion-panel panel-default fusion-faq-post fusion-faq-post-12494 faq \"><span class=\"entry-title rich-snippet-hidden\">Warum sind manche Best\u00e4tigungen, wie z.B. Pflegefreistellung, Reisestorno,\u2026 etc. kostenpflichtig?<\/span><span class=\"vcard rich-snippet-hidden\"><span class=\"fn\"><a href=\"https:\/\/www.drreichel.at\/?author=1\" title=\"Beitr\u00e4ge von Dr. Reichel &#038; Dr. Ritter OG\" rel=\"author\">Dr. Reichel &#38; Dr. Ritter OG<\/a><\/span><\/span><span class=\"updated rich-snippet-hidden\">2019-04-11T15:33:42+02:00<\/span><div class=\"panel-heading\"><h4 id=\"faq_1-12494\" class=\"panel-title toggle\"><a data-toggle=\"collapse\" class=\"collapsed\" data-parent=\"#accordian-1\" data-target=\"#collapse-1-12494\" href=\"#collapse-1-12494\" aria-expanded=\"false\"><div class=\"fusion-toggle-icon-wrapper\"><div class=\"fusion-toggle-icon-wrapper-main\"><div class=\"fusion-toggle-icon-wrapper-sub\"><i class=\"fa-fusion-box active-icon awb-icon-minus\" aria-hidden=\"true\"><\/i><i class=\"fa-fusion-box inactive-icon awb-icon-plus\" aria-hidden=\"true\"><\/i><\/div><\/div><\/div><div class=\"fusion-toggle-heading\">Warum sind manche Best\u00e4tigungen, wie z.B. Pflegefreistellung, Reisestorno,\u2026 etc. kostenpflichtig?<\/div><\/a><\/h4><\/div><div id=\"collapse-1-12494\" aria-labelledby=\"faq_1-12494\" class=\"panel-collapse collapse\"><div class=\"panel-body toggle-content post-content\"><p>Es handelt sich dabei um Best\u00e4tigungen, die Sie f\u00fcr eine Versicherung ben\u00f6tigen, die der Arbeitgeber von Ihnen haben m\u00f6chte, etc. Diese haben nichts mit der allgemeinen Krankenversicherung zu tun und sind daher private, freiwillige Leistungen des Arztes und entsprechend kostenpflichtig.<\/p>\n<p>Zu Ihrer Information: die Kosten f\u00fcr die Pflegefreistellung sind vom Arbeitgeber zu tragen und die Best\u00e4tigungen f\u00fcr den Versicherungsfall k\u00f6nnen als Schaden geltend gemacht werden.<\/p>\n<\/div><\/div><\/div><div class=\"fusion-panel panel-default fusion-faq-post fusion-faq-post-12492 faq \"><span class=\"entry-title rich-snippet-hidden\">Wie finde ich au\u00dferhalb der \u00d6ffnungszeiten eine offene Apotheke?<\/span><span class=\"vcard rich-snippet-hidden\"><span class=\"fn\"><a href=\"https:\/\/www.drreichel.at\/?author=1\" title=\"Beitr\u00e4ge von Dr. Reichel &#038; Dr. Ritter OG\" rel=\"author\">Dr. Reichel &#38; Dr. Ritter OG<\/a><\/span><\/span><span class=\"updated rich-snippet-hidden\">2019-02-21T10:26:43+01:00<\/span><div class=\"panel-heading\"><h4 id=\"faq_1-12492\" class=\"panel-title toggle\"><a data-toggle=\"collapse\" class=\"collapsed\" data-parent=\"#accordian-1\" data-target=\"#collapse-1-12492\" href=\"#collapse-1-12492\" aria-expanded=\"false\"><div class=\"fusion-toggle-icon-wrapper\"><div class=\"fusion-toggle-icon-wrapper-main\"><div class=\"fusion-toggle-icon-wrapper-sub\"><i class=\"fa-fusion-box active-icon awb-icon-minus\" aria-hidden=\"true\"><\/i><i class=\"fa-fusion-box inactive-icon awb-icon-plus\" aria-hidden=\"true\"><\/i><\/div><\/div><\/div><div class=\"fusion-toggle-heading\">Wie finde ich au\u00dferhalb der \u00d6ffnungszeiten eine offene Apotheke?<\/div><\/a><\/h4><\/div><div id=\"collapse-1-12492\" aria-labelledby=\"faq_1-12492\" class=\"panel-collapse collapse\"><div class=\"panel-body toggle-content post-content\"><div class=\"fusion-fullwidth fullwidth-box fusion-builder-row-1-1 fusion-flex-container nonhundred-percent-fullwidth non-hundred-percent-height-scrolling\" style=\"--awb-border-radius-top-left:0px;--awb-border-radius-top-right:0px;--awb-border-radius-bottom-right:0px;--awb-border-radius-bottom-left:0px;--awb-flex-wrap:wrap;\" ><div class=\"fusion-builder-row fusion-row fusion-flex-align-items-flex-start fusion-flex-content-wrap\" style=\"width:calc( 100% + 0px ) !important;max-width:calc( 100% + 0px ) !important;margin-left: calc(-0px \/ 2 );margin-right: calc(-0px \/ 2 );\"><div class=\"fusion-layout-column fusion_builder_column fusion-builder-column-1 fusion_builder_column_1_1 1_1 fusion-flex-column\" style=\"--awb-bg-size:cover;--awb-width-large:100%;--awb-flex-grow:0;--awb-flex-shrink:0;--awb-margin-top-large:0px;--awb-spacing-right-large:0px;--awb-margin-bottom-large:0px;--awb-spacing-left-large:0px;--awb-width-medium:100%;--awb-flex-grow-medium:0;--awb-flex-shrink-medium:0;--awb-spacing-right-medium:0px;--awb-spacing-left-medium:0px;--awb-width-small:100%;--awb-flex-grow-small:0;--awb-flex-shrink-small:0;--awb-spacing-right-small:0px;--awb-spacing-left-small:0px;\"><div class=\"fusion-column-wrapper fusion-flex-justify-content-flex-start fusion-content-layout-column\"><div class=\"fusion-text fusion-text-1\"><p>Unter dem Notruf 1455<\/p>\n<p>An Tagen, an denen wir Abendordination haben, also Dienstag und Mittwoch ist die Apotheke als Service an den Kunden bis 20 Uhr f\u00fcr Sie da. Sie m\u00fcssen nur an der Nachtdienstglocke l\u00e4uten und bekommen Ihre Medikamente (ohne Zuschlag).<\/p>\n<\/div><\/div><\/div><\/div><\/div>\n<\/div><\/div><\/div><\/div><\/div><\/div><\/div><\/div><\/div><\/div><\/div>\n","protected":false},"excerpt":{"rendered":"","protected":false},"author":1,"featured_media":0,"parent":0,"menu_order":0,"comment_status":"open","ping_status":"closed","template":"","meta":{"footnotes":""},"class_list":["post-2466","page","type-page","status-publish","hentry"],"yoast_head":"<!-- This site is optimized with the Yoast SEO plugin v27.3 - https:\/\/yoast.com\/product\/yoast-seo-wordpress\/ -->\n<title>FAQ - Ordination Dr. Reichel &amp; Dr. Ritter<\/title>\n<meta name=\"robots\" content=\"index, follow, max-snippet:-1, max-image-preview:large, max-video-preview:-1\" \/>\n<link rel=\"canonical\" href=\"https:\/\/www.drreichel.at\/?page_id=2466\" \/>\n<meta property=\"og:locale\" content=\"de_DE\" \/>\n<meta property=\"og:type\" content=\"article\" \/>\n<meta property=\"og:title\" content=\"FAQ - Ordination Dr. Reichel &amp; Dr. Ritter\" \/>\n<meta property=\"og:url\" content=\"https:\/\/www.drreichel.at\/?page_id=2466\" \/>\n<meta property=\"og:site_name\" content=\"Ordination Dr. Reichel &amp; Dr. Ritter\" \/>\n<meta property=\"article:publisher\" content=\"https:\/\/www.facebook.com\/Ordination-Dr-Tanja-Reichel-Dr-Ulrike-Ritter-1772804399676494\/\" \/>\n<meta property=\"article:modified_time\" content=\"2018-09-18T09:50:44+00:00\" \/>\n<meta name=\"twitter:card\" content=\"summary_large_image\" \/>\n<meta name=\"twitter:label1\" content=\"Gesch\u00e4tzte Lesezeit\" \/>\n\t<meta name=\"twitter:data1\" content=\"1 Minute\" \/>\n<script type=\"application\/ld+json\" class=\"yoast-schema-graph\">{\"@context\":\"https:\\\/\\\/schema.org\",\"@graph\":[{\"@type\":\"WebPage\",\"@id\":\"https:\\\/\\\/www.drreichel.at\\\/?page_id=2466\",\"url\":\"https:\\\/\\\/www.drreichel.at\\\/?page_id=2466\",\"name\":\"FAQ - Ordination Dr. Reichel &amp; Dr. Ritter\",\"isPartOf\":{\"@id\":\"https:\\\/\\\/www.drreichel.at\\\/#website\"},\"datePublished\":\"2017-12-05T16:20:13+00:00\",\"dateModified\":\"2018-09-18T09:50:44+00:00\",\"breadcrumb\":{\"@id\":\"https:\\\/\\\/www.drreichel.at\\\/?page_id=2466#breadcrumb\"},\"inLanguage\":\"de-AT\",\"potentialAction\":[{\"@type\":\"ReadAction\",\"target\":[\"https:\\\/\\\/www.drreichel.at\\\/?page_id=2466\"]}]},{\"@type\":\"BreadcrumbList\",\"@id\":\"https:\\\/\\\/www.drreichel.at\\\/?page_id=2466#breadcrumb\",\"itemListElement\":[{\"@type\":\"ListItem\",\"position\":1,\"name\":\"Home\",\"item\":\"https:\\\/\\\/www.drreichel.at\\\/\"},{\"@type\":\"ListItem\",\"position\":2,\"name\":\"FAQ\"}]},{\"@type\":\"WebSite\",\"@id\":\"https:\\\/\\\/www.drreichel.at\\\/#website\",\"url\":\"https:\\\/\\\/www.drreichel.at\\\/\",\"name\":\"Ordination Dr. Reichel &amp; Dr. Ritter\",\"description\":\"Praxis f\u00fcr Allgemeinmedizin\",\"publisher\":{\"@id\":\"https:\\\/\\\/www.drreichel.at\\\/#organization\"},\"potentialAction\":[{\"@type\":\"SearchAction\",\"target\":{\"@type\":\"EntryPoint\",\"urlTemplate\":\"https:\\\/\\\/www.drreichel.at\\\/?s={search_term_string}\"},\"query-input\":{\"@type\":\"PropertyValueSpecification\",\"valueRequired\":true,\"valueName\":\"search_term_string\"}}],\"inLanguage\":\"de-AT\"},{\"@type\":\"Organization\",\"@id\":\"https:\\\/\\\/www.drreichel.at\\\/#organization\",\"name\":\"Gruppenpraxis Dr. Reichel & Dr. Ritter OG\",\"url\":\"https:\\\/\\\/www.drreichel.at\\\/\",\"logo\":{\"@type\":\"ImageObject\",\"inLanguage\":\"de-AT\",\"@id\":\"https:\\\/\\\/www.drreichel.at\\\/#\\\/schema\\\/logo\\\/image\\\/\",\"url\":\"http:\\\/\\\/www.drreichel.at\\\/wp\\\/wp-content\\\/uploads\\\/2018\\\/01\\\/cropped-logo_icon.jpg\",\"contentUrl\":\"http:\\\/\\\/www.drreichel.at\\\/wp\\\/wp-content\\\/uploads\\\/2018\\\/01\\\/cropped-logo_icon.jpg\",\"width\":512,\"height\":512,\"caption\":\"Gruppenpraxis Dr. Reichel & Dr. Ritter OG\"},\"image\":{\"@id\":\"https:\\\/\\\/www.drreichel.at\\\/#\\\/schema\\\/logo\\\/image\\\/\"},\"sameAs\":[\"https:\\\/\\\/www.facebook.com\\\/Ordination-Dr-Tanja-Reichel-Dr-Ulrike-Ritter-1772804399676494\\\/\"]}]}<\/script>\n<!-- \/ Yoast SEO plugin. -->","yoast_head_json":{"title":"FAQ - Ordination Dr. Reichel &amp; Dr. Ritter","robots":{"index":"index","follow":"follow","max-snippet":"max-snippet:-1","max-image-preview":"max-image-preview:large","max-video-preview":"max-video-preview:-1"},"canonical":"https:\/\/www.drreichel.at\/?page_id=2466","og_locale":"de_DE","og_type":"article","og_title":"FAQ - Ordination Dr. Reichel &amp; Dr. Ritter","og_url":"https:\/\/www.drreichel.at\/?page_id=2466","og_site_name":"Ordination Dr. Reichel &amp; Dr. Ritter","article_publisher":"https:\/\/www.facebook.com\/Ordination-Dr-Tanja-Reichel-Dr-Ulrike-Ritter-1772804399676494\/","article_modified_time":"2018-09-18T09:50:44+00:00","twitter_card":"summary_large_image","twitter_misc":{"Gesch\u00e4tzte Lesezeit":"1 Minute"},"schema":{"@context":"https:\/\/schema.org","@graph":[{"@type":"WebPage","@id":"https:\/\/www.drreichel.at\/?page_id=2466","url":"https:\/\/www.drreichel.at\/?page_id=2466","name":"FAQ - Ordination Dr. Reichel &amp; Dr. Ritter","isPartOf":{"@id":"https:\/\/www.drreichel.at\/#website"},"datePublished":"2017-12-05T16:20:13+00:00","dateModified":"2018-09-18T09:50:44+00:00","breadcrumb":{"@id":"https:\/\/www.drreichel.at\/?page_id=2466#breadcrumb"},"inLanguage":"de-AT","potentialAction":[{"@type":"ReadAction","target":["https:\/\/www.drreichel.at\/?page_id=2466"]}]},{"@type":"BreadcrumbList","@id":"https:\/\/www.drreichel.at\/?page_id=2466#breadcrumb","itemListElement":[{"@type":"ListItem","position":1,"name":"Home","item":"https:\/\/www.drreichel.at\/"},{"@type":"ListItem","position":2,"name":"FAQ"}]},{"@type":"WebSite","@id":"https:\/\/www.drreichel.at\/#website","url":"https:\/\/www.drreichel.at\/","name":"Ordination Dr. Reichel &amp; Dr. Ritter","description":"Praxis f\u00fcr Allgemeinmedizin","publisher":{"@id":"https:\/\/www.drreichel.at\/#organization"},"potentialAction":[{"@type":"SearchAction","target":{"@type":"EntryPoint","urlTemplate":"https:\/\/www.drreichel.at\/?s={search_term_string}"},"query-input":{"@type":"PropertyValueSpecification","valueRequired":true,"valueName":"search_term_string"}}],"inLanguage":"de-AT"},{"@type":"Organization","@id":"https:\/\/www.drreichel.at\/#organization","name":"Gruppenpraxis Dr. Reichel & Dr. Ritter OG","url":"https:\/\/www.drreichel.at\/","logo":{"@type":"ImageObject","inLanguage":"de-AT","@id":"https:\/\/www.drreichel.at\/#\/schema\/logo\/image\/","url":"http:\/\/www.drreichel.at\/wp\/wp-content\/uploads\/2018\/01\/cropped-logo_icon.jpg","contentUrl":"http:\/\/www.drreichel.at\/wp\/wp-content\/uploads\/2018\/01\/cropped-logo_icon.jpg","width":512,"height":512,"caption":"Gruppenpraxis Dr. Reichel & Dr. Ritter OG"},"image":{"@id":"https:\/\/www.drreichel.at\/#\/schema\/logo\/image\/"},"sameAs":["https:\/\/www.facebook.com\/Ordination-Dr-Tanja-Reichel-Dr-Ulrike-Ritter-1772804399676494\/"]}]}},"jetpack_sharing_enabled":true,"_links":{"self":[{"href":"https:\/\/www.drreichel.at\/index.php?rest_route=\/wp\/v2\/pages\/2466","targetHints":{"allow":["GET"]}}],"collection":[{"href":"https:\/\/www.drreichel.at\/index.php?rest_route=\/wp\/v2\/pages"}],"about":[{"href":"https:\/\/www.drreichel.at\/index.php?rest_route=\/wp\/v2\/types\/page"}],"author":[{"embeddable":true,"href":"https:\/\/www.drreichel.at\/index.php?rest_route=\/wp\/v2\/users\/1"}],"replies":[{"embeddable":true,"href":"https:\/\/www.drreichel.at\/index.php?rest_route=%2Fwp%2Fv2%2Fcomments&post=2466"}],"version-history":[{"count":0,"href":"https:\/\/www.drreichel.at\/index.php?rest_route=\/wp\/v2\/pages\/2466\/revisions"}],"wp:attachment":[{"href":"https:\/\/www.drreichel.at\/index.php?rest_route=%2Fwp%2Fv2%2Fmedia&parent=2466"}],"curies":[{"name":"wp","href":"https:\/\/api.w.org\/{rel}","templated":true}]}}