{"id":12005,"date":"2017-10-12T11:15:51","date_gmt":"2017-10-12T09:15:51","guid":{"rendered":"http:\/\/www.drreichel.at\/wp\/?page_id=12005"},"modified":"2020-03-30T14:15:19","modified_gmt":"2020-03-30T12:15:19","slug":"kontakt","status":"publish","type":"page","link":"https:\/\/www.drreichel.at\/?page_id=12005","title":{"rendered":"Kontakt"},"content":{"rendered":"<div class=\"fusion-fullwidth fullwidth-box fusion-builder-row-1 fusion-flex-container hundred-percent-fullwidth non-hundred-percent-height-scrolling\" style=\"--awb-border-radius-top-left:0px;--awb-border-radius-top-right:0px;--awb-border-radius-bottom-right:0px;--awb-border-radius-bottom-left:0px;--awb-overflow:visible;--awb-flex-wrap:wrap;\" ><div class=\"fusion-builder-row fusion-row fusion-flex-align-items-flex-start fusion-flex-content-wrap\" style=\"width:calc( 100% + 0px ) !important;max-width:calc( 100% + 0px ) !important;margin-left: calc(-0px \/ 2 );margin-right: calc(-0px \/ 2 );\"><div class=\"fusion-layout-column fusion_builder_column fusion-builder-column-0 fusion_builder_column_1_1 1_1 fusion-flex-column fusion-flex-align-self-flex-start fusion-column-no-min-height\" style=\"--awb-bg-size:cover;--awb-width-large:100%;--awb-margin-top-large:0px;--awb-spacing-right-large:0px;--awb-margin-bottom-large:0px;--awb-spacing-left-large:0px;--awb-width-medium:100%;--awb-spacing-right-medium:0px;--awb-spacing-left-medium:0px;--awb-width-small:100%;--awb-spacing-right-small:0px;--awb-spacing-left-small:0px;\"><div class=\"fusion-column-wrapper fusion-flex-justify-content-flex-start fusion-content-layout-column\"><div class=\"fusion-title title fusion-title-1 fusion-sep-none fusion-title-text fusion-title-size-two\" style=\"--awb-margin-top-small:10px;--awb-margin-right-small:0px;--awb-margin-bottom-small:10px;--awb-margin-left-small:0px;\"><h2 class=\"fusion-title-heading title-heading-left\" style=\"margin:0;\">Wir w\u00fcrden uns freuen, wenn Sie mit uns in Kontakt treten.<\/h2><\/div><\/div><\/div><div class=\"fusion-layout-column fusion_builder_column fusion-builder-column-1 fusion_builder_column_1_1 1_1 fusion-flex-column fusion-flex-align-self-flex-start fusion-column-no-min-height\" style=\"--awb-bg-size:cover;--awb-width-large:100%;--awb-margin-top-large:0px;--awb-spacing-right-large:0px;--awb-margin-bottom-large:0px;--awb-spacing-left-large:0px;--awb-width-medium:100%;--awb-spacing-right-medium:0px;--awb-spacing-left-medium:0px;--awb-width-small:100%;--awb-spacing-right-small:0px;--awb-spacing-left-small:0px;\"><div class=\"fusion-column-wrapper fusion-flex-justify-content-flex-start fusion-content-layout-column\"><div class=\"fusion-text fusion-text-1\"><p>Wir m\u00f6chten Sie darauf hinweisen, dass eine Terminvereinbarung aus organisatorischen Gr\u00fcnden nur telefonisch oder pers\u00f6nlich m\u00f6glich ist. Terminabsagen oder &#8211; \u00e4nderung k\u00f6nnen auf diesen Weg nicht ber\u00fccksichtigt werden.<\/p>\n<\/div><div class=\"fusion-separator fusion-full-width-sep\" style=\"align-self: center;margin-left: auto;margin-right: auto;margin-top:20px;width:100%;\"><\/div><div class=\"fusion-text fusion-text-2\"><p>Die abgesendeten Daten werden nur zum Zweck der Bearbeitung Ihres Anliegens verarbeitet. Weitere Informationen finden Sie in unserer Datenschutzerkl\u00e4rung im\u00a0<a href=\"https:\/\/www.drreichel.at\/?page_id=12525\">Impressum<\/a>.<\/p>\n<\/div><\/div><\/div><\/div><\/div>\n","protected":false},"excerpt":{"rendered":"","protected":false},"author":1,"featured_media":0,"parent":0,"menu_order":0,"comment_status":"open","ping_status":"closed","template":"","meta":{"footnotes":""},"class_list":["post-12005","page","type-page","status-publish","hentry"],"yoast_head":"<!-- This site is optimized with the Yoast SEO plugin v27.3 - https:\/\/yoast.com\/product\/yoast-seo-wordpress\/ -->\n<title>Kontakt - Ordination Dr. Reichel &amp; Dr. Ritter<\/title>\n<meta name=\"robots\" content=\"index, follow, max-snippet:-1, max-image-preview:large, max-video-preview:-1\" \/>\n<link rel=\"canonical\" href=\"https:\/\/www.drreichel.at\/?page_id=12005\" \/>\n<meta property=\"og:locale\" content=\"de_DE\" \/>\n<meta property=\"og:type\" content=\"article\" \/>\n<meta property=\"og:title\" content=\"Kontakt - Ordination Dr. Reichel &amp; Dr. Ritter\" \/>\n<meta property=\"og:url\" content=\"https:\/\/www.drreichel.at\/?page_id=12005\" \/>\n<meta property=\"og:site_name\" content=\"Ordination Dr. Reichel &amp; Dr. Ritter\" \/>\n<meta property=\"article:publisher\" content=\"https:\/\/www.facebook.com\/Ordination-Dr-Tanja-Reichel-Dr-Ulrike-Ritter-1772804399676494\/\" \/>\n<meta property=\"article:modified_time\" content=\"2020-03-30T12:15:19+00:00\" \/>\n<meta name=\"twitter:card\" content=\"summary_large_image\" \/>\n<meta name=\"twitter:label1\" content=\"Gesch\u00e4tzte Lesezeit\" \/>\n\t<meta name=\"twitter:data1\" content=\"1 Minute\" \/>\n<script type=\"application\/ld+json\" class=\"yoast-schema-graph\">{\"@context\":\"https:\\\/\\\/schema.org\",\"@graph\":[{\"@type\":\"WebPage\",\"@id\":\"https:\\\/\\\/www.drreichel.at\\\/?page_id=12005\",\"url\":\"https:\\\/\\\/www.drreichel.at\\\/?page_id=12005\",\"name\":\"Kontakt - Ordination Dr. Reichel &amp; Dr. Ritter\",\"isPartOf\":{\"@id\":\"https:\\\/\\\/www.drreichel.at\\\/#website\"},\"datePublished\":\"2017-10-12T09:15:51+00:00\",\"dateModified\":\"2020-03-30T12:15:19+00:00\",\"breadcrumb\":{\"@id\":\"https:\\\/\\\/www.drreichel.at\\\/?page_id=12005#breadcrumb\"},\"inLanguage\":\"de-AT\",\"potentialAction\":[{\"@type\":\"ReadAction\",\"target\":[\"https:\\\/\\\/www.drreichel.at\\\/?page_id=12005\"]}]},{\"@type\":\"BreadcrumbList\",\"@id\":\"https:\\\/\\\/www.drreichel.at\\\/?page_id=12005#breadcrumb\",\"itemListElement\":[{\"@type\":\"ListItem\",\"position\":1,\"name\":\"Home\",\"item\":\"https:\\\/\\\/www.drreichel.at\\\/\"},{\"@type\":\"ListItem\",\"position\":2,\"name\":\"Kontakt\"}]},{\"@type\":\"WebSite\",\"@id\":\"https:\\\/\\\/www.drreichel.at\\\/#website\",\"url\":\"https:\\\/\\\/www.drreichel.at\\\/\",\"name\":\"Ordination Dr. Reichel &amp; Dr. Ritter\",\"description\":\"Praxis f\u00fcr Allgemeinmedizin\",\"publisher\":{\"@id\":\"https:\\\/\\\/www.drreichel.at\\\/#organization\"},\"potentialAction\":[{\"@type\":\"SearchAction\",\"target\":{\"@type\":\"EntryPoint\",\"urlTemplate\":\"https:\\\/\\\/www.drreichel.at\\\/?s={search_term_string}\"},\"query-input\":{\"@type\":\"PropertyValueSpecification\",\"valueRequired\":true,\"valueName\":\"search_term_string\"}}],\"inLanguage\":\"de-AT\"},{\"@type\":\"Organization\",\"@id\":\"https:\\\/\\\/www.drreichel.at\\\/#organization\",\"name\":\"Gruppenpraxis Dr. Reichel & Dr. Ritter OG\",\"url\":\"https:\\\/\\\/www.drreichel.at\\\/\",\"logo\":{\"@type\":\"ImageObject\",\"inLanguage\":\"de-AT\",\"@id\":\"https:\\\/\\\/www.drreichel.at\\\/#\\\/schema\\\/logo\\\/image\\\/\",\"url\":\"http:\\\/\\\/www.drreichel.at\\\/wp\\\/wp-content\\\/uploads\\\/2018\\\/01\\\/cropped-logo_icon.jpg\",\"contentUrl\":\"http:\\\/\\\/www.drreichel.at\\\/wp\\\/wp-content\\\/uploads\\\/2018\\\/01\\\/cropped-logo_icon.jpg\",\"width\":512,\"height\":512,\"caption\":\"Gruppenpraxis Dr. Reichel & Dr. Ritter OG\"},\"image\":{\"@id\":\"https:\\\/\\\/www.drreichel.at\\\/#\\\/schema\\\/logo\\\/image\\\/\"},\"sameAs\":[\"https:\\\/\\\/www.facebook.com\\\/Ordination-Dr-Tanja-Reichel-Dr-Ulrike-Ritter-1772804399676494\\\/\"]}]}<\/script>\n<!-- \/ Yoast SEO plugin. -->","yoast_head_json":{"title":"Kontakt - Ordination Dr. Reichel &amp; Dr. Ritter","robots":{"index":"index","follow":"follow","max-snippet":"max-snippet:-1","max-image-preview":"max-image-preview:large","max-video-preview":"max-video-preview:-1"},"canonical":"https:\/\/www.drreichel.at\/?page_id=12005","og_locale":"de_DE","og_type":"article","og_title":"Kontakt - Ordination Dr. Reichel &amp; Dr. Ritter","og_url":"https:\/\/www.drreichel.at\/?page_id=12005","og_site_name":"Ordination Dr. Reichel &amp; Dr. Ritter","article_publisher":"https:\/\/www.facebook.com\/Ordination-Dr-Tanja-Reichel-Dr-Ulrike-Ritter-1772804399676494\/","article_modified_time":"2020-03-30T12:15:19+00:00","twitter_card":"summary_large_image","twitter_misc":{"Gesch\u00e4tzte Lesezeit":"1 Minute"},"schema":{"@context":"https:\/\/schema.org","@graph":[{"@type":"WebPage","@id":"https:\/\/www.drreichel.at\/?page_id=12005","url":"https:\/\/www.drreichel.at\/?page_id=12005","name":"Kontakt - Ordination Dr. Reichel &amp; Dr. Ritter","isPartOf":{"@id":"https:\/\/www.drreichel.at\/#website"},"datePublished":"2017-10-12T09:15:51+00:00","dateModified":"2020-03-30T12:15:19+00:00","breadcrumb":{"@id":"https:\/\/www.drreichel.at\/?page_id=12005#breadcrumb"},"inLanguage":"de-AT","potentialAction":[{"@type":"ReadAction","target":["https:\/\/www.drreichel.at\/?page_id=12005"]}]},{"@type":"BreadcrumbList","@id":"https:\/\/www.drreichel.at\/?page_id=12005#breadcrumb","itemListElement":[{"@type":"ListItem","position":1,"name":"Home","item":"https:\/\/www.drreichel.at\/"},{"@type":"ListItem","position":2,"name":"Kontakt"}]},{"@type":"WebSite","@id":"https:\/\/www.drreichel.at\/#website","url":"https:\/\/www.drreichel.at\/","name":"Ordination Dr. Reichel &amp; Dr. Ritter","description":"Praxis f\u00fcr Allgemeinmedizin","publisher":{"@id":"https:\/\/www.drreichel.at\/#organization"},"potentialAction":[{"@type":"SearchAction","target":{"@type":"EntryPoint","urlTemplate":"https:\/\/www.drreichel.at\/?s={search_term_string}"},"query-input":{"@type":"PropertyValueSpecification","valueRequired":true,"valueName":"search_term_string"}}],"inLanguage":"de-AT"},{"@type":"Organization","@id":"https:\/\/www.drreichel.at\/#organization","name":"Gruppenpraxis Dr. Reichel & Dr. Ritter OG","url":"https:\/\/www.drreichel.at\/","logo":{"@type":"ImageObject","inLanguage":"de-AT","@id":"https:\/\/www.drreichel.at\/#\/schema\/logo\/image\/","url":"http:\/\/www.drreichel.at\/wp\/wp-content\/uploads\/2018\/01\/cropped-logo_icon.jpg","contentUrl":"http:\/\/www.drreichel.at\/wp\/wp-content\/uploads\/2018\/01\/cropped-logo_icon.jpg","width":512,"height":512,"caption":"Gruppenpraxis Dr. Reichel & Dr. Ritter OG"},"image":{"@id":"https:\/\/www.drreichel.at\/#\/schema\/logo\/image\/"},"sameAs":["https:\/\/www.facebook.com\/Ordination-Dr-Tanja-Reichel-Dr-Ulrike-Ritter-1772804399676494\/"]}]}},"jetpack_sharing_enabled":true,"_links":{"self":[{"href":"https:\/\/www.drreichel.at\/index.php?rest_route=\/wp\/v2\/pages\/12005","targetHints":{"allow":["GET"]}}],"collection":[{"href":"https:\/\/www.drreichel.at\/index.php?rest_route=\/wp\/v2\/pages"}],"about":[{"href":"https:\/\/www.drreichel.at\/index.php?rest_route=\/wp\/v2\/types\/page"}],"author":[{"embeddable":true,"href":"https:\/\/www.drreichel.at\/index.php?rest_route=\/wp\/v2\/users\/1"}],"replies":[{"embeddable":true,"href":"https:\/\/www.drreichel.at\/index.php?rest_route=%2Fwp%2Fv2%2Fcomments&post=12005"}],"version-history":[{"count":3,"href":"https:\/\/www.drreichel.at\/index.php?rest_route=\/wp\/v2\/pages\/12005\/revisions"}],"predecessor-version":[{"id":12729,"href":"https:\/\/www.drreichel.at\/index.php?rest_route=\/wp\/v2\/pages\/12005\/revisions\/12729"}],"wp:attachment":[{"href":"https:\/\/www.drreichel.at\/index.php?rest_route=%2Fwp%2Fv2%2Fmedia&parent=12005"}],"curies":[{"name":"wp","href":"https:\/\/api.w.org\/{rel}","templated":true}]}}